{"id":1076,"date":"2023-09-19T21:49:48","date_gmt":"2023-09-19T21:49:48","guid":{"rendered":"https:\/\/ethex.com.tr\/tr\/?page_id=1076"},"modified":"2024-07-27T03:52:40","modified_gmt":"2024-07-27T00:52:40","slug":"firin-pastaneler","status":"publish","type":"page","link":"https:\/\/ethex.com.tr\/tr\/firin-pastaneler\/","title":{"rendered":"F\u0131r\u0131n &#038; Pastaneler"},"content":{"rendered":"\n<div class=\"wp-block-uagb-container uagb-block-129ba09e alignfull uagb-is-root-container\"><\/div>\n\n\n\n<div class=\"wp-block-uagb-container uagb-block-b8e1c761 alignfull uagb-is-root-container\"><div class=\"uagb-container-inner-blocks-wrap\">\n<div class=\"wp-block-uagb-separator uagb-block-a0f0d801\"><div class=\"wp-block-uagb-separator__inner\" style=\"--my-background-image:\"><\/div><\/div>\n<\/div><\/div>\n\n\n\n<div class=\"wp-block-uagb-container uagb-block-3fa4006e alignfull uagb-is-root-container\"><div class=\"uagb-container-inner-blocks-wrap\">\n<div class=\"wp-block-uagb-advanced-heading uagb-block-edb97120\"><h2 class=\"uagb-heading-text\">F\u0131r\u0131n &amp; Pastaneler<\/h2><\/div>\n<\/div><\/div>\n\n\n\n<div class=\"wp-block-uagb-container uagb-block-0dbbf491 alignfull uagb-is-root-container\"><div class=\"uagb-container-inner-blocks-wrap\">\n<div class=\"wp-block-uagb-separator uagb-block-55f5e180\"><div class=\"wp-block-uagb-separator__inner\" style=\"--my-background-image:\"><\/div><\/div>\n<\/div><\/div>\n\n\n\n<div class=\"wp-block-uagb-container uagb-block-e178c04b alignfull uagb-is-root-container\"><div class=\"uagb-container-inner-blocks-wrap\">\n<p class=\"has-text-align-center has-ast-global-color-3-color has-text-color\" style=\"font-size:20px;font-style:normal;font-weight:400;letter-spacing:1.2px\">F\u0131r\u0131n &amp; Pastaneler sekt\u00f6r\u00fc, g\u0131da \u00fcretimi ve sat\u0131\u015f\u0131 yapan, hijyen standartlar\u0131na uygun \u00e7al\u0131\u015fmas\u0131 gereken bir aland\u0131r. Bu sekt\u00f6rde faaliyet g\u00f6steren firmalar hem \u00e7al\u0131\u015fanlar\u0131n\u0131n hem de m\u00fc\u015fterilerinin sa\u011fl\u0131\u011f\u0131n\u0131 korumak i\u00e7in tek kullan\u0131ml\u0131k \u00fcr\u00fcnleri tercih etmelidir. Tek kullan\u0131ml\u0131k \u00fcr\u00fcnler, kirlenme ve mikrop bula\u015fma riskini azalt\u0131r, temizlik ve bak\u0131m maliyetlerini d\u00fc\u015f\u00fcr\u00fcr, i\u015f verimlili\u011fini art\u0131r\u0131r.<br><br>ETHEX olarak, F\u0131r\u0131n &amp; Pastaneler sekt\u00f6r\u00fcne y\u00f6nelik \u00e7e\u015fitli tek kullan\u0131ml\u0131k \u00fcr\u00fcnler sunuyoruz. Bu \u00fcr\u00fcnler aras\u0131nda kullan at \u00f6nl\u00fckler, boneler, galo\u015flar, stre\u00e7 filmler ve daha bir\u00e7ok se\u00e7enek bulunuyor. \u00dcr\u00fcnlerimiz kaliteli malzemelerden \u00fcretilmi\u015ftir.<br><br>F\u0131r\u0131n &amp; Pastaneler sekt\u00f6r\u00fcnde rekabet avantaj\u0131 sa\u011flamak isteyen firmalar i\u00e7in tek kullan\u0131ml\u0131k \u00fcr\u00fcnlerimizi tavsiye ediyoruz. \u00dcr\u00fcnlerimizi web sitemizden inceleyebilir ve bizimle ileti\u015fime ge\u00e7ebilirsiniz.<\/p>\n\n\n\n<div class=\"wp-block-uagb-container uagb-block-d55a59b8\">\n<div class=\"wp-block-uagb-separator uagb-block-376a7090\"><div class=\"wp-block-uagb-separator__inner\" style=\"--my-background-image:\"><\/div><\/div>\n<\/div>\n<\/div><\/div>\n","protected":false},"excerpt":{"rendered":"<p>F\u0131r\u0131n &amp; Pastaneler F\u0131r\u0131n &amp; Pastaneler sekt\u00f6r\u00fc, g\u0131da \u00fcretimi ve sat\u0131\u015f\u0131 yapan, hijyen standartlar\u0131na uygun \u00e7al\u0131\u015fmas\u0131 gereken bir aland\u0131r. Bu sekt\u00f6rde faaliyet g\u00f6steren firmalar hem \u00e7al\u0131\u015fanlar\u0131n\u0131n hem de m\u00fc\u015fterilerinin sa\u011fl\u0131\u011f\u0131n\u0131 korumak i\u00e7in tek kullan\u0131ml\u0131k \u00fcr\u00fcnleri tercih etmelidir. Tek kullan\u0131ml\u0131k \u00fcr\u00fcnler, kirlenme ve mikrop bula\u015fma riskini azalt\u0131r, temizlik ve bak\u0131m maliyetlerini d\u00fc\u015f\u00fcr\u00fcr, i\u015f verimlili\u011fini art\u0131r\u0131r. ETHEX [&hellip;]<\/p>\n","protected":false},"author":2,"featured_media":0,"parent":0,"menu_order":0,"comment_status":"closed","ping_status":"closed","template":"","meta":{"om_disable_all_campaigns":false,"_uag_custom_page_level_css":"","_monsterinsights_skip_tracking":false,"_monsterinsights_sitenote_active":false,"_monsterinsights_sitenote_note":"","_monsterinsights_sitenote_category":0,"_uf_show_specific_survey":0,"_uf_disable_surveys":false,"site-sidebar-layout":"no-sidebar","site-content-layout":"page-builder","ast-site-content-layout":"full-width-container","site-content-style":"unboxed","site-sidebar-style":"unboxed","ast-global-header-display":"","ast-banner-title-visibility":"","ast-main-header-display":"","ast-hfb-above-header-display":"","ast-hfb-below-header-display":"","ast-hfb-mobile-header-display":"","site-post-title":"disabled","ast-breadcrumbs-content":"","ast-featured-img":"disabled","footer-sml-layout":"","ast-disable-related-posts":"","theme-transparent-header-meta":"","adv-header-id-meta":"","stick-header-meta":"","header-above-stick-meta":"","header-main-stick-meta":"","header-below-stick-meta":"","astra-migrate-meta-layouts":"set","ast-page-background-enabled":"default","ast-page-background-meta":{"desktop":{"background-color":"","background-image":"","background-repeat":"repeat","background-position":"center center","background-size":"auto","background-attachment":"scroll","background-type":"","background-media":"","overlay-type":"","overlay-color":"","overlay-opacity":"","overlay-gradient":""},"tablet":{"background-color":"","background-image":"","background-repeat":"repeat","background-position":"center center","background-size":"auto","background-attachment":"scroll","background-type":"","background-media":"","overlay-type":"","overlay-color":"","overlay-opacity":"","overlay-gradient":""},"mobile":{"background-color":"","background-image":"","background-repeat":"repeat","background-position":"center center","background-size":"auto","background-attachment":"scroll","background-type":"","background-media":"","overlay-type":"","overlay-color":"","overlay-opacity":"","overlay-gradient":""}},"ast-content-background-meta":{"desktop":{"background-color":"var(--ast-global-color-5)","background-image":"","background-repeat":"repeat","background-position":"center center","background-size":"auto","background-attachment":"scroll","background-type":"","background-media":"","overlay-type":"","overlay-color":"","overlay-opacity":"","overlay-gradient":""},"tablet":{"background-color":"var(--ast-global-color-5)","background-image":"","background-repeat":"repeat","background-position":"center center","background-size":"auto","background-attachment":"scroll","background-type":"","background-media":"","overlay-type":"","overlay-color":"","overlay-opacity":"","overlay-gradient":""},"mobile":{"background-color":"var(--ast-global-color-5)","background-image":"","background-repeat":"repeat","background-position":"center center","background-size":"auto","background-attachment":"scroll","background-type":"","background-media":"","overlay-type":"","overlay-color":"","overlay-opacity":"","overlay-gradient":""}},"footnotes":""},"class_list":["post-1076","page","type-page","status-publish","hentry"],"aioseo_notices":[],"uagb_featured_image_src":{"full":false,"thumbnail":false,"medium":false,"medium_large":false,"large":false,"1536x1536":false,"2048x2048":false},"uagb_author_info":{"display_name":"ETHEXTR ETHEXTR","author_link":"https:\/\/ethex.com.tr\/tr\/author\/ethextr\/"},"uagb_comment_info":0,"uagb_excerpt":"F\u0131r\u0131n &amp; Pastaneler F\u0131r\u0131n &amp; Pastaneler sekt\u00f6r\u00fc, g\u0131da \u00fcretimi ve sat\u0131\u015f\u0131 yapan, hijyen standartlar\u0131na uygun \u00e7al\u0131\u015fmas\u0131 gereken bir aland\u0131r. Bu sekt\u00f6rde faaliyet g\u00f6steren firmalar hem \u00e7al\u0131\u015fanlar\u0131n\u0131n hem de m\u00fc\u015fterilerinin sa\u011fl\u0131\u011f\u0131n\u0131 korumak i\u00e7in tek kullan\u0131ml\u0131k \u00fcr\u00fcnleri tercih etmelidir. Tek kullan\u0131ml\u0131k \u00fcr\u00fcnler, kirlenme ve mikrop bula\u015fma riskini azalt\u0131r, temizlik ve bak\u0131m maliyetlerini d\u00fc\u015f\u00fcr\u00fcr, i\u015f verimlili\u011fini art\u0131r\u0131r. ETHEX&hellip;","_links":{"self":[{"href":"https:\/\/ethex.com.tr\/tr\/wp-json\/wp\/v2\/pages\/1076","targetHints":{"allow":["GET"]}}],"collection":[{"href":"https:\/\/ethex.com.tr\/tr\/wp-json\/wp\/v2\/pages"}],"about":[{"href":"https:\/\/ethex.com.tr\/tr\/wp-json\/wp\/v2\/types\/page"}],"author":[{"embeddable":true,"href":"https:\/\/ethex.com.tr\/tr\/wp-json\/wp\/v2\/users\/2"}],"replies":[{"embeddable":true,"href":"https:\/\/ethex.com.tr\/tr\/wp-json\/wp\/v2\/comments?post=1076"}],"version-history":[{"count":17,"href":"https:\/\/ethex.com.tr\/tr\/wp-json\/wp\/v2\/pages\/1076\/revisions"}],"predecessor-version":[{"id":1629,"href":"https:\/\/ethex.com.tr\/tr\/wp-json\/wp\/v2\/pages\/1076\/revisions\/1629"}],"wp:attachment":[{"href":"https:\/\/ethex.com.tr\/tr\/wp-json\/wp\/v2\/media?parent=1076"}],"curies":[{"name":"wp","href":"https:\/\/api.w.org\/{rel}","templated":true}]}}