{"id":1072,"date":"2023-09-19T21:49:48","date_gmt":"2023-09-19T21:49:48","guid":{"rendered":"https:\/\/ethex.com.tr\/tr\/?page_id=1072"},"modified":"2024-07-27T03:53:28","modified_gmt":"2024-07-27T00:53:28","slug":"hastaneler","status":"publish","type":"page","link":"https:\/\/ethex.com.tr\/tr\/hastaneler\/","title":{"rendered":"Hastaneler"},"content":{"rendered":"\n<div class=\"wp-block-uagb-container uagb-block-129ba09e alignfull uagb-is-root-container\"><\/div>\n\n\n\n<div class=\"wp-block-uagb-container uagb-block-b8e1c761 alignfull uagb-is-root-container\"><div class=\"uagb-container-inner-blocks-wrap\">\n<div class=\"wp-block-uagb-separator uagb-block-a0f0d801\"><div class=\"wp-block-uagb-separator__inner\" style=\"--my-background-image:\"><\/div><\/div>\n<\/div><\/div>\n\n\n\n<div class=\"wp-block-uagb-container uagb-block-3fa4006e alignfull uagb-is-root-container\"><div class=\"uagb-container-inner-blocks-wrap\">\n<div class=\"wp-block-uagb-advanced-heading uagb-block-edb97120\"><h2 class=\"uagb-heading-text\">Hastaneler<\/h2><\/div>\n<\/div><\/div>\n\n\n\n<div class=\"wp-block-uagb-container uagb-block-0dbbf491 alignfull uagb-is-root-container\"><div class=\"uagb-container-inner-blocks-wrap\">\n<div class=\"wp-block-uagb-separator uagb-block-55f5e180\"><div class=\"wp-block-uagb-separator__inner\" style=\"--my-background-image:\"><\/div><\/div>\n<\/div><\/div>\n\n\n\n<div class=\"wp-block-uagb-container uagb-block-e178c04b alignfull uagb-is-root-container\"><div class=\"uagb-container-inner-blocks-wrap\">\n<p class=\"has-text-align-center has-ast-global-color-3-color has-text-color\" style=\"font-size:20px;font-style:normal;font-weight:400;letter-spacing:1.2px\">Hastane sekt\u00f6r\u00fcne tek kullan\u0131ml\u0131k \u00fcr\u00fcnleri sunan bir firma olarak, sa\u011fl\u0131k \u00e7al\u0131\u015fanlar\u0131n\u0131n ve hastalar\u0131n ihtiya\u00e7lar\u0131n\u0131 kar\u015f\u0131lamak i\u00e7in \u00e7\u00f6z\u00fcmler \u00fcretiyoruz. \u00dcr\u00fcnlerimiz; cerrahi eldiven, maske, \u00f6nl\u00fck, bone, galo\u015f, \u00e7\u00f6p torbas\u0131 gibi hastane ortam\u0131nda kullan\u0131lan malzemelerdir.<br><br>Bu \u00fcr\u00fcnlerin tek kullan\u0131ml\u0131k olmas\u0131, enfeksiyon riskini azalt\u0131r, hijyen sa\u011flar ve at\u0131k y\u00f6netimini kolayla\u015ft\u0131r\u0131r. Firmam\u0131z; kaliteli, uygun fiyatl\u0131 ve g\u00fcvenilir \u00fcr\u00fcnler sunmak i\u00e7in s\u00fcrekli ara\u015ft\u0131rma ve geli\u015ftirme yapmaktad\u0131r. Hastane sekt\u00f6r\u00fcne tek kullan\u0131ml\u0131k \u00fcr\u00fcnleri sunan bir firma olarak, sa\u011fl\u0131k hizmetlerine katk\u0131da bulunmay\u0131 hedefliyoruz..<\/p>\n\n\n\n<div class=\"wp-block-uagb-container uagb-block-d55a59b8\">\n<div class=\"wp-block-uagb-separator uagb-block-376a7090\"><div class=\"wp-block-uagb-separator__inner\" style=\"--my-background-image:\"><\/div><\/div>\n<\/div>\n<\/div><\/div>\n","protected":false},"excerpt":{"rendered":"<p>Hastaneler Hastane sekt\u00f6r\u00fcne tek kullan\u0131ml\u0131k \u00fcr\u00fcnleri sunan bir firma olarak, sa\u011fl\u0131k \u00e7al\u0131\u015fanlar\u0131n\u0131n ve hastalar\u0131n ihtiya\u00e7lar\u0131n\u0131 kar\u015f\u0131lamak i\u00e7in \u00e7\u00f6z\u00fcmler \u00fcretiyoruz. \u00dcr\u00fcnlerimiz; cerrahi eldiven, maske, \u00f6nl\u00fck, bone, galo\u015f, \u00e7\u00f6p torbas\u0131 gibi hastane ortam\u0131nda kullan\u0131lan malzemelerdir. Bu \u00fcr\u00fcnlerin tek kullan\u0131ml\u0131k olmas\u0131, enfeksiyon riskini azalt\u0131r, hijyen sa\u011flar ve at\u0131k y\u00f6netimini kolayla\u015ft\u0131r\u0131r. Firmam\u0131z; kaliteli, uygun fiyatl\u0131 ve g\u00fcvenilir \u00fcr\u00fcnler sunmak [&hellip;]<\/p>\n","protected":false},"author":2,"featured_media":0,"parent":0,"menu_order":0,"comment_status":"closed","ping_status":"closed","template":"","meta":{"om_disable_all_campaigns":false,"_uag_custom_page_level_css":"","_monsterinsights_skip_tracking":false,"_monsterinsights_sitenote_active":false,"_monsterinsights_sitenote_note":"","_monsterinsights_sitenote_category":0,"_uf_show_specific_survey":0,"_uf_disable_surveys":false,"site-sidebar-layout":"no-sidebar","site-content-layout":"page-builder","ast-site-content-layout":"full-width-container","site-content-style":"unboxed","site-sidebar-style":"unboxed","ast-global-header-display":"","ast-banner-title-visibility":"","ast-main-header-display":"","ast-hfb-above-header-display":"","ast-hfb-below-header-display":"","ast-hfb-mobile-header-display":"","site-post-title":"disabled","ast-breadcrumbs-content":"","ast-featured-img":"disabled","footer-sml-layout":"","ast-disable-related-posts":"","theme-transparent-header-meta":"","adv-header-id-meta":"","stick-header-meta":"","header-above-stick-meta":"","header-main-stick-meta":"","header-below-stick-meta":"","astra-migrate-meta-layouts":"set","ast-page-background-enabled":"default","ast-page-background-meta":{"desktop":{"background-color":"","background-image":"","background-repeat":"repeat","background-position":"center center","background-size":"auto","background-attachment":"scroll","background-type":"","background-media":"","overlay-type":"","overlay-color":"","overlay-opacity":"","overlay-gradient":""},"tablet":{"background-color":"","background-image":"","background-repeat":"repeat","background-position":"center center","background-size":"auto","background-attachment":"scroll","background-type":"","background-media":"","overlay-type":"","overlay-color":"","overlay-opacity":"","overlay-gradient":""},"mobile":{"background-color":"","background-image":"","background-repeat":"repeat","background-position":"center center","background-size":"auto","background-attachment":"scroll","background-type":"","background-media":"","overlay-type":"","overlay-color":"","overlay-opacity":"","overlay-gradient":""}},"ast-content-background-meta":{"desktop":{"background-color":"var(--ast-global-color-5)","background-image":"","background-repeat":"repeat","background-position":"center center","background-size":"auto","background-attachment":"scroll","background-type":"","background-media":"","overlay-type":"","overlay-color":"","overlay-opacity":"","overlay-gradient":""},"tablet":{"background-color":"var(--ast-global-color-5)","background-image":"","background-repeat":"repeat","background-position":"center center","background-size":"auto","background-attachment":"scroll","background-type":"","background-media":"","overlay-type":"","overlay-color":"","overlay-opacity":"","overlay-gradient":""},"mobile":{"background-color":"var(--ast-global-color-5)","background-image":"","background-repeat":"repeat","background-position":"center center","background-size":"auto","background-attachment":"scroll","background-type":"","background-media":"","overlay-type":"","overlay-color":"","overlay-opacity":"","overlay-gradient":""}},"footnotes":""},"class_list":["post-1072","page","type-page","status-publish","hentry"],"aioseo_notices":[],"uagb_featured_image_src":{"full":false,"thumbnail":false,"medium":false,"medium_large":false,"large":false,"1536x1536":false,"2048x2048":false},"uagb_author_info":{"display_name":"ETHEXTR ETHEXTR","author_link":"https:\/\/ethex.com.tr\/tr\/author\/ethextr\/"},"uagb_comment_info":0,"uagb_excerpt":"Hastaneler Hastane sekt\u00f6r\u00fcne tek kullan\u0131ml\u0131k \u00fcr\u00fcnleri sunan bir firma olarak, sa\u011fl\u0131k \u00e7al\u0131\u015fanlar\u0131n\u0131n ve hastalar\u0131n ihtiya\u00e7lar\u0131n\u0131 kar\u015f\u0131lamak i\u00e7in \u00e7\u00f6z\u00fcmler \u00fcretiyoruz. \u00dcr\u00fcnlerimiz; cerrahi eldiven, maske, \u00f6nl\u00fck, bone, galo\u015f, \u00e7\u00f6p torbas\u0131 gibi hastane ortam\u0131nda kullan\u0131lan malzemelerdir. Bu \u00fcr\u00fcnlerin tek kullan\u0131ml\u0131k olmas\u0131, enfeksiyon riskini azalt\u0131r, hijyen sa\u011flar ve at\u0131k y\u00f6netimini kolayla\u015ft\u0131r\u0131r. Firmam\u0131z; kaliteli, uygun fiyatl\u0131 ve g\u00fcvenilir \u00fcr\u00fcnler sunmak&hellip;","_links":{"self":[{"href":"https:\/\/ethex.com.tr\/tr\/wp-json\/wp\/v2\/pages\/1072","targetHints":{"allow":["GET"]}}],"collection":[{"href":"https:\/\/ethex.com.tr\/tr\/wp-json\/wp\/v2\/pages"}],"about":[{"href":"https:\/\/ethex.com.tr\/tr\/wp-json\/wp\/v2\/types\/page"}],"author":[{"embeddable":true,"href":"https:\/\/ethex.com.tr\/tr\/wp-json\/wp\/v2\/users\/2"}],"replies":[{"embeddable":true,"href":"https:\/\/ethex.com.tr\/tr\/wp-json\/wp\/v2\/comments?post=1072"}],"version-history":[{"count":11,"href":"https:\/\/ethex.com.tr\/tr\/wp-json\/wp\/v2\/pages\/1072\/revisions"}],"predecessor-version":[{"id":1630,"href":"https:\/\/ethex.com.tr\/tr\/wp-json\/wp\/v2\/pages\/1072\/revisions\/1630"}],"wp:attachment":[{"href":"https:\/\/ethex.com.tr\/tr\/wp-json\/wp\/v2\/media?parent=1072"}],"curies":[{"name":"wp","href":"https:\/\/api.w.org\/{rel}","templated":true}]}}