{"id":1070,"date":"2023-09-19T21:49:48","date_gmt":"2023-09-19T21:49:48","guid":{"rendered":"https:\/\/ethex.com.tr\/tr\/?page_id=1070"},"modified":"2024-07-27T03:59:16","modified_gmt":"2024-07-27T00:59:16","slug":"toptan","status":"publish","type":"page","link":"https:\/\/ethex.com.tr\/tr\/toptan\/","title":{"rendered":"Toptan"},"content":{"rendered":"\n<div class=\"wp-block-uagb-container uagb-block-8c02655d alignfull uagb-is-root-container\"><\/div>\n\n\n\n<div class=\"wp-block-uagb-container uagb-block-b8e1c761 alignfull uagb-is-root-container\"><div class=\"uagb-container-inner-blocks-wrap\">\n<div class=\"wp-block-uagb-separator uagb-block-a0f0d801\"><div class=\"wp-block-uagb-separator__inner\" style=\"--my-background-image:\"><\/div><\/div>\n<\/div><\/div>\n\n\n\n<div class=\"wp-block-uagb-container uagb-block-3fa4006e alignfull uagb-is-root-container\"><div class=\"uagb-container-inner-blocks-wrap\">\n<div class=\"wp-block-uagb-advanced-heading uagb-block-edb97120\"><h2 class=\"uagb-heading-text\">Toptan<\/h2><\/div>\n<\/div><\/div>\n\n\n\n<div class=\"wp-block-uagb-container uagb-block-0dbbf491 alignfull uagb-is-root-container\"><div class=\"uagb-container-inner-blocks-wrap\">\n<div class=\"wp-block-uagb-separator uagb-block-55f5e180\"><div class=\"wp-block-uagb-separator__inner\" style=\"--my-background-image:\"><\/div><\/div>\n<\/div><\/div>\n\n\n\n<div class=\"wp-block-uagb-container uagb-block-e178c04b alignfull uagb-is-root-container\"><div class=\"uagb-container-inner-blocks-wrap\">\n<p class=\"has-text-align-center has-ast-global-color-3-color has-text-color\" style=\"font-size:20px;font-style:normal;font-weight:400;letter-spacing:1.2px\">Tek kullan\u0131ml\u0131k \u00fcr\u00fcnler, g\u00fcn\u00fcm\u00fczde pek \u00e7ok sekt\u00f6rde ve alanda kullan\u0131lan pratik ve hijyenik malzemelerdir. K\u00e2\u011f\u0131t havlu, pe\u00e7ete, tabak, bardak, \u00e7atal, b\u0131\u00e7ak, pipet, \u00e7\u00f6p po\u015feti, stre\u00e7 film gibi \u00fcr\u00fcnler hem evlerde hem de i\u015f yerlerinde, restoranlarda, kafelerde, hastanelerde, okullarda ve daha bir\u00e7ok yerde tercih edilmektedir.<br><br>Bu \u00fcr\u00fcnleri uygun fiyatlarla toptanc\u0131lara satan ve kendi \u00f6z ara\u00e7lar\u0131 ile da\u011f\u0131t\u0131m yapan bir firma olarak, m\u00fc\u015fterilerimize kaliteli ve g\u00fcvenilir bir hizmet sunmaktay\u0131z. Sipari\u015f vermek i\u00e7in bizimle ileti\u015fime ge\u00e7in. Tek kullan\u0131ml\u0131k \u00fcr\u00fcnleriniz i\u00e7in bizi tercih edin hem b\u00fct\u00e7enize hem de zaman\u0131n\u0131za katk\u0131 sa\u011flay\u0131n.<\/p>\n<\/div><\/div>\n\n\n\n<div class=\"wp-block-uagb-container uagb-block-cc27c2b7 alignfull uagb-is-root-container\"><div class=\"uagb-container-inner-blocks-wrap\">\n<div class=\"wp-block-uagb-separator uagb-block-4bc4b9e4\"><div class=\"wp-block-uagb-separator__inner\" style=\"--my-background-image:\"><\/div><\/div>\n<\/div><\/div>\n","protected":false},"excerpt":{"rendered":"<p>Toptan Tek kullan\u0131ml\u0131k \u00fcr\u00fcnler, g\u00fcn\u00fcm\u00fczde pek \u00e7ok sekt\u00f6rde ve alanda kullan\u0131lan pratik ve hijyenik malzemelerdir. K\u00e2\u011f\u0131t havlu, pe\u00e7ete, tabak, bardak, \u00e7atal, b\u0131\u00e7ak, pipet, \u00e7\u00f6p po\u015feti, stre\u00e7 film gibi \u00fcr\u00fcnler hem evlerde hem de i\u015f yerlerinde, restoranlarda, kafelerde, hastanelerde, okullarda ve daha bir\u00e7ok yerde tercih edilmektedir. Bu \u00fcr\u00fcnleri uygun fiyatlarla toptanc\u0131lara satan ve kendi \u00f6z ara\u00e7lar\u0131 [&hellip;]<\/p>\n","protected":false},"author":2,"featured_media":0,"parent":0,"menu_order":0,"comment_status":"closed","ping_status":"closed","template":"","meta":{"om_disable_all_campaigns":false,"_uag_custom_page_level_css":"","_monsterinsights_skip_tracking":false,"_monsterinsights_sitenote_active":false,"_monsterinsights_sitenote_note":"","_monsterinsights_sitenote_category":0,"_uf_show_specific_survey":0,"_uf_disable_surveys":false,"site-sidebar-layout":"no-sidebar","site-content-layout":"page-builder","ast-site-content-layout":"full-width-container","site-content-style":"unboxed","site-sidebar-style":"unboxed","ast-global-header-display":"","ast-banner-title-visibility":"","ast-main-header-display":"","ast-hfb-above-header-display":"","ast-hfb-below-header-display":"","ast-hfb-mobile-header-display":"","site-post-title":"disabled","ast-breadcrumbs-content":"","ast-featured-img":"disabled","footer-sml-layout":"","ast-disable-related-posts":"","theme-transparent-header-meta":"","adv-header-id-meta":"","stick-header-meta":"","header-above-stick-meta":"","header-main-stick-meta":"","header-below-stick-meta":"","astra-migrate-meta-layouts":"set","ast-page-background-enabled":"default","ast-page-background-meta":{"desktop":{"background-color":"","background-image":"","background-repeat":"repeat","background-position":"center center","background-size":"auto","background-attachment":"scroll","background-type":"","background-media":"","overlay-type":"","overlay-color":"","overlay-opacity":"","overlay-gradient":""},"tablet":{"background-color":"","background-image":"","background-repeat":"repeat","background-position":"center center","background-size":"auto","background-attachment":"scroll","background-type":"","background-media":"","overlay-type":"","overlay-color":"","overlay-opacity":"","overlay-gradient":""},"mobile":{"background-color":"","background-image":"","background-repeat":"repeat","background-position":"center center","background-size":"auto","background-attachment":"scroll","background-type":"","background-media":"","overlay-type":"","overlay-color":"","overlay-opacity":"","overlay-gradient":""}},"ast-content-background-meta":{"desktop":{"background-color":"var(--ast-global-color-5)","background-image":"","background-repeat":"repeat","background-position":"center center","background-size":"auto","background-attachment":"scroll","background-type":"","background-media":"","overlay-type":"","overlay-color":"","overlay-opacity":"","overlay-gradient":""},"tablet":{"background-color":"var(--ast-global-color-5)","background-image":"","background-repeat":"repeat","background-position":"center center","background-size":"auto","background-attachment":"scroll","background-type":"","background-media":"","overlay-type":"","overlay-color":"","overlay-opacity":"","overlay-gradient":""},"mobile":{"background-color":"var(--ast-global-color-5)","background-image":"","background-repeat":"repeat","background-position":"center center","background-size":"auto","background-attachment":"scroll","background-type":"","background-media":"","overlay-type":"","overlay-color":"","overlay-opacity":"","overlay-gradient":""}},"footnotes":""},"class_list":["post-1070","page","type-page","status-publish","hentry"],"aioseo_notices":[],"uagb_featured_image_src":{"full":false,"thumbnail":false,"medium":false,"medium_large":false,"large":false,"1536x1536":false,"2048x2048":false},"uagb_author_info":{"display_name":"ETHEXTR ETHEXTR","author_link":"https:\/\/ethex.com.tr\/tr\/author\/ethextr\/"},"uagb_comment_info":0,"uagb_excerpt":"Toptan Tek kullan\u0131ml\u0131k \u00fcr\u00fcnler, g\u00fcn\u00fcm\u00fczde pek \u00e7ok sekt\u00f6rde ve alanda kullan\u0131lan pratik ve hijyenik malzemelerdir. K\u00e2\u011f\u0131t havlu, pe\u00e7ete, tabak, bardak, \u00e7atal, b\u0131\u00e7ak, pipet, \u00e7\u00f6p po\u015feti, stre\u00e7 film gibi \u00fcr\u00fcnler hem evlerde hem de i\u015f yerlerinde, restoranlarda, kafelerde, hastanelerde, okullarda ve daha bir\u00e7ok yerde tercih edilmektedir. Bu \u00fcr\u00fcnleri uygun fiyatlarla toptanc\u0131lara satan ve kendi \u00f6z ara\u00e7lar\u0131&hellip;","_links":{"self":[{"href":"https:\/\/ethex.com.tr\/tr\/wp-json\/wp\/v2\/pages\/1070","targetHints":{"allow":["GET"]}}],"collection":[{"href":"https:\/\/ethex.com.tr\/tr\/wp-json\/wp\/v2\/pages"}],"about":[{"href":"https:\/\/ethex.com.tr\/tr\/wp-json\/wp\/v2\/types\/page"}],"author":[{"embeddable":true,"href":"https:\/\/ethex.com.tr\/tr\/wp-json\/wp\/v2\/users\/2"}],"replies":[{"embeddable":true,"href":"https:\/\/ethex.com.tr\/tr\/wp-json\/wp\/v2\/comments?post=1070"}],"version-history":[{"count":24,"href":"https:\/\/ethex.com.tr\/tr\/wp-json\/wp\/v2\/pages\/1070\/revisions"}],"predecessor-version":[{"id":1644,"href":"https:\/\/ethex.com.tr\/tr\/wp-json\/wp\/v2\/pages\/1070\/revisions\/1644"}],"wp:attachment":[{"href":"https:\/\/ethex.com.tr\/tr\/wp-json\/wp\/v2\/media?parent=1070"}],"curies":[{"name":"wp","href":"https:\/\/api.w.org\/{rel}","templated":true}]}}